{"id":112,"date":"2021-02-09T19:41:06","date_gmt":"2021-02-09T18:41:06","guid":{"rendered":"https:\/\/flipet.it\/?page_id=112"},"modified":"2021-03-18T15:52:27","modified_gmt":"2021-03-18T14:52:27","slug":"home","status":"publish","type":"page","link":"https:\/\/flipet.it\/","title":{"rendered":"Home"},"content":{"rendered":"<div class=\"\" style=\"\" >\n    \n    <section class=\"skrollable u-align-center u-clearfix u-image u-parallax u-shading u-section-2\" id=\"sec-107e\" data-image-width=\"1504\" data-image-height=\"1000\">\n      <div class=\"u-clearfix u-sheet u-sheet-1\"><span class=\"u-icon u-icon-circle u-text-white u-icon-1\"><svg class=\"u-svg-link\" preserveAspectRatio=\"xMidYMin slice\" viewBox=\"0 0 490.677 490.677\" style=\"\"><use xlink:href=\"#svg-3b55\"><\/use><\/svg><svg xmlns=\"http:\/\/www.w3.org\/2000\/svg\" xmlns:xlink=\"http:\/\/www.w3.org\/1999\/xlink\" version=\"1.1\" xml:space=\"preserve\" class=\"u-svg-content\" viewBox=\"0 0 490.677 490.677\" x=\"0px\" y=\"0px\" id=\"svg-3b55\" style=\"enable-background:new 0 0 490.677 490.677;\"><g><g><path d=\"M489.272,37.339c-1.92-3.307-5.44-5.333-9.259-5.333H10.68c-3.819,0-7.339,2.027-9.259,5.333    c-1.899,3.307-1.899,7.36,0.021,10.667l234.667,405.333c1.899,3.307,5.419,5.333,9.237,5.333s7.339-2.027,9.237-5.333    L489.251,48.005C491.149,44.72,491.149,40.645,489.272,37.339z\"><\/path>\n<\/g>\n<\/g><\/svg><\/span>\n      <\/div>\n    <\/section>\n    <section class=\"u-align-left u-clearfix u-section-3\" id=\"sec-27f5\">\n      <div class=\"u-clearfix u-sheet u-sheet-1\"><\/div>\n    <\/section>\n    <section class=\"u-clearfix u-section-4\" id=\"sec-c149\">\n      <div class=\"u-clearfix u-expanded-width u-layout-wrap u-layout-wrap-1\">\n        <div class=\"u-layout\">\n          <div class=\"u-layout-col\">\n            <div class=\"u-size-30\">\n              <div class=\"u-layout-row\">\n                <div class=\"u-container-style u-image u-layout-cell u-left-cell u-size-20 u-image-1\">\n                  <div class=\"u-container-layout u-container-layout-1\"><\/div>\n                <\/div>\n                <div class=\"u-container-style u-layout-cell u-size-20 u-layout-cell-2\">\n                  <div class=\"u-container-layout u-container-layout-2\">\n                    <h6 class=\"u-align-center u-text u-text-1\">storia<\/h6>\n                    <h3 class=\"u-align-center u-custom-font u-font-playfair-display u-text u-text-2\"><b>IL\nNOSTRO GELATO<\/b>\n                    <\/h3>\n                    <p class=\"u-align-left u-text u-text-3\">Selezioniamo le migliori\nmaterie prime presenti sul mercato per creare un gelato di altissima qualit\u00e0\ncapace di stupire il palato dei pi\u00f9 golosi. Trasformiamo latte, panna e\nmascarpone secondo l\u2019antica tradizione dei maestri gelatieri. Proponiamo\nsorbetti con frutta fresca di stagione.<\/p>\n                  <\/div>\n                <\/div>\n                <div class=\"u-container-style u-image u-layout-cell u-right-cell u-size-20 u-image-2\" data-image-width=\"1080\" data-image-height=\"1080\">\n                  <div class=\"u-container-layout u-container-layout-3\"><\/div>\n                <\/div>\n              <\/div>\n            <\/div>\n            <div class=\"u-size-30\">\n              <div class=\"u-layout-row\">\n                <div class=\"u-container-style u-layout-cell u-left-cell u-size-20 u-layout-cell-4\">\n                  <div class=\"u-container-layout u-container-layout-4\">\n                    <h6 class=\"u-align-center u-text u-text-4\">le nostre torte<\/h6>\n                    <h3 class=\"u-align-center u-custom-font u-font-playfair-display u-text u-text-5\">i semifreddi<\/h3>\n                    <p class=\"u-align-left u-text u-text-6\">Con la stessa attenzione che\nriserviamo alla produzione del gelato, curiamo la realizzazione delle torte. I\ngusti dei nostri semifreddi variano, dalle creme alla frutta, seguendo la\nstagionalit\u00e0. La nostra punta di diamante \u00e8 il Tris di Cioccolati.<\/p>\n                  <\/div>\n                <\/div>\n                <div class=\"u-container-style u-image u-layout-cell u-size-20 u-image-3\" data-image-width=\"500\" data-image-height=\"519\">\n                  <div class=\"u-container-layout u-container-layout-5\"><\/div>\n                <\/div>\n                <div class=\"u-container-style u-layout-cell u-right-cell u-size-20 u-layout-cell-6\">\n                  <div class=\"u-container-layout u-container-layout-6\">\n                    <h6 class=\"u-align-center u-text u-text-7\">philosophy<\/h6>\n                    <h3 class=\"u-align-center u-custom-font u-font-playfair-display u-text u-text-8\">Ricerca dei prodotti migliori<\/h3>\n                    <p class=\"u-align-left u-text u-text-9\">Utilizziamo prodotti italiani\ncertificati. Selezioniamo le eccellenze, dalla Nocciola trilobata IGP al\nPistacchio di Bronte, dalla Ricotta Piemontese \u201cSeirass\u201d ai Marroni del\ncuneese, per offrirle all\u2019interno del nostro locale sotto forma di gelato.&nbsp;<\/p>\n                  <\/div>\n                <\/div>\n              <\/div>\n            <\/div>\n          <\/div>\n        <\/div>\n      <\/div>\n    <\/section>\n    <section class=\"u-align-left u-clearfix u-section-5\" id=\"carousel_62a2\">\n      <div class=\"u-clearfix u-sheet u-sheet-1\"><\/div>\n    <\/section>\n    <section id=\"carousel_26f2\" class=\"u-carousel u-slide u-block-2cb7-1\" data-u-ride=\"carousel\" data-interval=\"5000\">\n      <ol class=\"u-absolute-hcenter u-carousel-indicators u-block-2cb7-5\">\n        <li data-u-target=\"#carousel_26f2\" data-u-slide-to=\"0\" class=\"u-active u-grey-30 u-shape-circle\" style=\"width: 10px; height: 10px;\"><\/li>\n      <\/ol>\n      <div class=\"u-carousel-inner\" role=\"listbox\">\n        <div class=\"skrollable u-active u-align-center u-carousel-item u-clearfix u-image u-parallax u-shading u-section-6-1\" src=\"\">\n          <div class=\"u-clearfix u-sheet u-sheet-1\">\n            <h6 class=\"u-text u-text-1\">staff<\/h6>\n            <h1 class=\"u-custom-font u-font-playfair-display u-text u-title u-text-2\">Sia\u200bmo una grande famiglia...<\/h1>\n          <\/div>\n        <\/div>\n      <\/div>\n      <a class=\"u-absolute-vcenter u-carousel-control u-carousel-control-prev u-text-body-alt-color u-block-2cb7-3\" href=\"#carousel_26f2\" role=\"button\" data-u-slide=\"prev\">\n        <span aria-hidden=\"true\">\n          <svg viewBox=\"0 0 477.175 477.175\"><path d=\"M145.188,238.575l215.5-215.5c5.3-5.3,5.3-13.8,0-19.1s-13.8-5.3-19.1,0l-225.1,225.1c-5.3,5.3-5.3,13.8,0,19.1l225.1,225\n\t\tc2.6,2.6,6.1,4,9.5,4s6.9-1.3,9.5-4c5.3-5.3,5.3-13.8,0-19.1L145.188,238.575z\"><\/path><\/svg>\n        <\/span>\n        <span class=\"sr-only\">\n          <svg viewBox=\"0 0 477.175 477.175\"><path d=\"M145.188,238.575l215.5-215.5c5.3-5.3,5.3-13.8,0-19.1s-13.8-5.3-19.1,0l-225.1,225.1c-5.3,5.3-5.3,13.8,0,19.1l225.1,225\n\t\tc2.6,2.6,6.1,4,9.5,4s6.9-1.3,9.5-4c5.3-5.3,5.3-13.8,0-19.1L145.188,238.575z\"><\/path><\/svg>\n        <\/span>\n      <\/a>\n      <a class=\"u-absolute-vcenter u-carousel-control u-carousel-control-next u-text-body-alt-color u-block-2cb7-4\" href=\"#carousel_26f2\" role=\"button\" data-u-slide=\"next\">\n        <span aria-hidden=\"true\">\n          <svg viewBox=\"0 0 477.175 477.175\"><path d=\"M360.731,229.075l-225.1-225.1c-5.3-5.3-13.8-5.3-19.1,0s-5.3,13.8,0,19.1l215.5,215.5l-215.5,215.5\n\t\tc-5.3,5.3-5.3,13.8,0,19.1c2.6,2.6,6.1,4,9.5,4c3.4,0,6.9-1.3,9.5-4l225.1-225.1C365.931,242.875,365.931,234.275,360.731,229.075z\"><\/path><\/svg>\n        <\/span>\n        <span class=\"sr-only\">\n          <svg viewBox=\"0 0 477.175 477.175\"><path d=\"M360.731,229.075l-225.1-225.1c-5.3-5.3-13.8-5.3-19.1,0s-5.3,13.8,0,19.1l215.5,215.5l-215.5,215.5\n\t\tc-5.3,5.3-5.3,13.8,0,19.1c2.6,2.6,6.1,4,9.5,4c3.4,0,6.9-1.3,9.5-4l225.1-225.1C365.931,242.875,365.931,234.275,360.731,229.075z\"><\/path><\/svg>\n        <\/span>\n      <\/a>\n    <\/section>\n    <section class=\"u-clearfix u-section-7\" id=\"sec-a88c\">\n      <div class=\"u-clearfix u-sheet u-valign-middle-xs u-sheet-1\">\n        <div class=\"fr-view u-align-center u-clearfix u-rich-text u-text u-text-1\">\n          <h2 style=\"text-align: left;\">La Gelateria Flip\u00e8t<\/h2>\n          <p style=\"text-align: left;\">\n            <span style=\"line-height: 2.0;\">&nbsp;&nbsp;<\/span>\n          <\/p>\n          <p style=\"text-align: justify;\">Il nome <span style=\"font-style: italic;\">Flip\u00e8t&nbsp;<\/span>\u00e8 uno stran\u00f2m, il soprannome piemontese attribuito alla nostra famiglia. In tempi passati era proprio lo stran\u00f2m a identificare, tra le famiglie del paese aventi lo stesso cognome, quella dei nostri nonni.\n          <\/p>\n          <p style=\"text-align: left;\">I nostri nonni erano allevatori e commercianti di frutta e verdura. Con la loro semplicit\u00e0, ci hanno insegnato il valore della materia prima, la stagionalit\u00e0 di ogni prodotto e che il tempo \u00e8 un ingrediente indispensabile per ottenere un prodotto d\u2019eccellenza.<\/p>\n          <p style=\"text-align: justify;\">In origine, Gelateria Flip\u00e8t \u00e8 stata inaugurata a Trofarello nel 2002 dai nostri genitori. La loro filosofia \u00e8 stata quella di voler creare un gelato straordinario, semplice e genuino. Con il loro costante lavoro e la dedizione, sono riusciti nell\u2019intento di perfezionare il prodotto, rimanendo sempre autentici.<\/p>\n          <p style=\"text-align: justify;\">\n            <br>\n          <\/p>\n          <p style=\"text-align: justify;\">Dal 2015 l\u2019azienda \u00e8 gestita da noi, i figli: Simone, Alessandro e Davide. Insieme vogliamo portare avanti la tradizione con semplicit\u00e0 e allo stesso tempo con innovazione. Amiamo il gelato in tutte le sue forme e siamo costantemente alla ricerca di materie prime di alta qualit\u00e0 per creare gusti nuovi.<\/p>\n          <p style=\"text-align: justify;\">La storia della nostra attivit\u00e0 non sarebbe completa se non menzionassimo anche voi, la nostra clientela, che con affetto ed entusiasmo ci ha sostenuto e ha creduto in noi e nel nostro prodotto, dall\u2019inizio della nostra avventura fino ad oggi.<\/p>\n        <\/div>\n      <\/div>\n    <\/section>\n    <section class=\"u-align-left u-clearfix u-section-8\" id=\"carousel_269c\">\n      <div class=\"u-clearfix u-sheet u-sheet-1\"><\/div>\n    <\/section>\n    <section class=\"u-clearfix u-section-9\" id=\"sec-dec0\">\n      <div class=\"u-clearfix u-expanded-width u-layout-wrap u-layout-wrap-1\">\n        <div class=\"u-layout\">\n          <div class=\"u-layout-row\">\n            <div class=\"u-size-30 u-size-60-md\">\n              <div class=\"u-layout-col\">\n                <div class=\"u-container-style u-image u-layout-cell u-left-cell u-size-60 u-image-1\">\n                  <div class=\"u-container-layout u-container-layout-1\"><\/div>\n                <\/div>\n              <\/div>\n            <\/div>\n            <div class=\"u-size-30 u-size-60-md\">\n              <div class=\"u-layout-col\">\n                <div class=\"u-size-40\">\n                  <div class=\"u-layout-row\">\n                    <div class=\"u-container-style u-image u-layout-cell u-right-cell u-size-60 u-image-2\">\n                      <div class=\"u-container-layout u-container-layout-2\"><\/div>\n                    <\/div>\n                  <\/div>\n                <\/div>\n                <div class=\"u-size-20\">\n                  <div class=\"u-layout-row\">\n                    <div class=\"u-container-style u-image u-layout-cell u-size-30 u-image-3\">\n                      <div class=\"u-container-layout u-container-layout-3\"><\/div>\n                    <\/div>\n                    <div class=\"u-container-style u-image u-layout-cell u-right-cell u-size-30 u-image-4\" data-image-width=\"720\" data-image-height=\"720\">\n                      <div class=\"u-container-layout u-container-layout-4\"><\/div>\n                    <\/div>\n                  <\/div>\n                <\/div>\n              <\/div>\n            <\/div>\n          <\/div>\n        <\/div>\n      <\/div>\n    <\/section>\n    <section class=\"u-align-left u-clearfix u-section-10\" id=\"carousel_3485\">\n      <div class=\"u-clearfix u-sheet u-sheet-1\"><\/div>\n    <\/section>\n    <section class=\"u-clearfix u-section-11\" id=\"sec-f0f2\">\n      <div class=\"u-clearfix u-sheet u-sheet-1\">\n        <h2 class=\"u-align-center u-text u-text-1\">Realizza con noi la tua GELATERIA<\/h2>\n        <div class=\"u-clearfix u-expanded-width u-gutter-10 u-layout-wrap u-layout-wrap-1\">\n          <div class=\"u-layout\">\n            <div class=\"u-layout-col\">\n              <div class=\"u-size-30\">\n                <div class=\"u-layout-row\">\n                  <div class=\"u-container-style u-image u-layout-cell u-left-cell u-size-30 u-image-1\" src=\"\" data-image-width=\"150\" data-image-height=\"90\">\n                    <div class=\"u-container-layout u-valign-middle u-container-layout-1\"><\/div>\n                  <\/div>\n                  <div class=\"u-align-left u-container-style u-layout-cell u-right-cell u-size-30 u-layout-cell-2\">\n                    <div class=\"u-container-layout u-valign-middle u-container-layout-2\">\n                      <p class=\"u-text u-text-2\">Grazie all\u2019esperienza\nmaturata, Flip\u00e8t opera anche come ditta di consulenza capace di seguirti passo\ndopo passo durante la progettazione e realizzazione della tua gelateria.&nbsp;<br>La nostra \u00e8 una consulenza a\ntrecentosessanta gradi. Si tratta della tua prima esperienza in questo campo?\nNessun problema, ci occupiamo noi di tutto.&nbsp;<br>Come funziona? Creiamo il\ntuo punto vendita e lo rendiamo operativo, affiancandoti in ogni scelta \u2013\ninclusi i macchinari e le attrezzature che occorrono per svolgere la\nprofessione.\n                      <\/p>\n                    <\/div>\n                  <\/div>\n                <\/div>\n              <\/div>\n              <div class=\"u-size-30\">\n                <div class=\"u-layout-row\">\n                  <div class=\"u-align-left u-container-style u-layout-cell u-left-cell u-size-30 u-layout-cell-3\">\n                    <div class=\"u-container-layout u-valign-middle u-container-layout-3\">\n                      <p class=\"u-text u-text-3\">Ci affidiamo ad esperti di\ncomunicazione, strategia e marketing per trovare il luogo migliore per\nl\u2019apertura del punto vendita. Rendiamo operativo il locale e lo arrediamo con\ntutte le attrezzature tecniche occorrenti.&nbsp;<br>Sviluppiamo le ricette del gelato\nper te mantenendo gli stessi elevati standard di qualit\u00e0 che ci hanno sempre\ncontraddistinto e possiamo fornirti tutte le materie prime per la realizzazione\ndel prodotto. Offriamo un pacchetto di ricettazione unico e innovativo nel suo\ngenere, capace di riprodurre il nostro gelato, nel tuo laboratorio.&nbsp;<br>\n                        <br>Infine, continuiamo\ngratuitamente a garantire supporto successivamente all\u2019apertura per qualsiasi\ntipo di consulenza sulla ricettazione e sullo sviluppo di nuove idee.\n                      <\/p>\n                    <\/div>\n                  <\/div>\n                  <div class=\"u-container-style u-image u-layout-cell u-right-cell u-size-30 u-image-2\" src=\"\" data-image-width=\"1280\" data-image-height=\"953\">\n                    <div class=\"u-container-layout u-valign-middle u-container-layout-4\"><\/div>\n                  <\/div>\n                <\/div>\n              <\/div>\n            <\/div>\n          <\/div>\n        <\/div>\n      <\/div>\n    <\/section>\n    <section class=\"u-align-center u-clearfix u-section-12\" id=\"sec-ac4a\">\n      <div class=\"u-clearfix u-sheet u-sheet-1\">\n        <h2 class=\"u-text u-text-1\"><b>Contattaci<\/b>\n        <\/h2>\n        <div class=\"u-form u-form-1\">\n          <form action=\"https:\/\/flipet.it\/wp-content\/plugins\/nicepage\/templates\/form.php?id=112&formId=ac4a\" method=\"POST\" class=\"u-clearfix u-form-spacing-10 u-form-vertical u-inner-form\" style=\"padding: 10px\" source=\"customphp\" name=\"form-1\" _lpchecked=\"1\">\n            <div class=\"u-form-group u-form-name\">\n              <label for=\"name-3b9a\" class=\"u-form-control-hidden u-label\">Name<\/label>\n              <input type=\"text\" placeholder=\"Il tuo nome\" id=\"name-3b9a\" name=\"name\" class=\"u-border-1 u-border-grey-30 u-input u-input-rectangle u-white\" required=\"\">\n            <\/div>\n            <div class=\"u-form-email u-form-group\">\n              <label for=\"email-3b9a\" class=\"u-form-control-hidden u-label\">Email<\/label>\n              <input type=\"email\" placeholder=\"La tua email\" id=\"email-3b9a\" name=\"email\" class=\"u-border-1 u-border-grey-30 u-input u-input-rectangle u-white\" required=\"\">\n            <\/div>\n            <div class=\"u-form-group u-form-message\">\n              <label for=\"message-3b9a\" class=\"u-form-control-hidden u-label\"><\/label>\n              <textarea rows=\"4\" cols=\"50\" id=\"message-3b9a\" name=\"message\" class=\"u-border-1 u-border-grey-30 u-input u-input-rectangle u-white\" required=\"\" placeholder=\"Scrivi qui il tuo messaggio\"><\/textarea>\n            <\/div>\n            <div class=\"u-form-agree u-form-group u-form-group-4\">\n              <input type=\"checkbox\" id=\"agree-e1d0\" name=\"agree\" class=\"u-agree-checkbox\" required=\"\">\n              <label for=\"agree-e1d0\" class=\"u-label\">Accetto i <a href=\"#\">Termini di servizio<\/a>\n              <\/label>\n            <\/div>\n            <div class=\"u-align-left u-form-group u-form-submit\">\n              <a href=\"#\" class=\"u-active-none u-border-2 u-border-active-palette-2-dark-1 u-border-hover-palette-2-base u-border-palette-1-base u-btn u-btn-submit u-button-style u-hover-none u-none u-text-hover-palette-2-base u-text-palette-1-base u-btn-1\">Submit<\/a>\n              <input type=\"submit\" value=\"submit\" class=\"u-form-control-hidden\">\n            <\/div>\n            <div class=\"u-form-send-message u-form-send-success\">Thank you! Your message has been sent.<\/div>\n            <div class=\"u-form-send-error u-form-send-message\"> Unable to send your message. Please fix errors then try again. <\/div>\n            <input type=\"hidden\" value=\"\" name=\"recaptchaResponse\">\n          <\/form>\n        <\/div>\n      <\/div>\n    <\/section>\n    <section class=\"u-clearfix u-grey-light-2 u-typography-custom-page-typography-12--Map u-section-13\" id=\"sec-06df\">\n      <div class=\"u-expanded u-grey-light-2 u-map\">\n        <div class=\"embed-responsive\">\n          <iframe class=\"embed-responsive-item\" src=\"\/\/maps.google.com\/maps?output=embed&amp;q=flipet%20Via%20Torino%2C%2029%2C%2010028%20Trofarello%20TO&amp;z=13&amp;t=m\" data-map=\"JTdCJTIycG9zaXRpb25UeXBlJTIyJTNBJTIybWFwLWFkZHJlc3MlMjIlMkMlMjJhZGRyZXNzJTIyJTNBJTIyZmxpcGV0JTIwVmlhJTIwVG9yaW5vJTJDJTIwMjklMkMlMjAxMDAyOCUyMFRyb2ZhcmVsbG8lMjBUTyUyMiUyQyUyMnpvb20lMjIlM0ExMyUyQyUyMnR5cGVJZCUyMiUzQSUyMnJvYWQlMjIlMkMlMjJsYW5nJTIyJTNBbnVsbCUyQyUyMmFwaUtleSUyMiUzQW51bGwlMkMlMjJtYXJrZXJzJTIyJTNBJTVCJTVEJTdE\"><\/iframe>\n        <\/div>\n      <\/div>\n    <\/section>\n    <section class=\"u-align-left u-clearfix u-section-14\" id=\"sec-7e63\">\n      <div class=\"u-clearfix u-sheet u-sheet-1\"><\/div>\n    <\/section>\n    <section class=\"u-clearfix u-grey-light-2 u-typography-custom-page-typography-12--Map u-section-15\" id=\"sec-ecea\">\n      <div class=\"u-expanded u-grey-light-2 u-map\">\n        <div class=\"embed-responsive\">\n          <iframe class=\"embed-responsive-item\" src=\"\/\/maps.google.com\/maps?output=embed&amp;q=flipet%20trofarello&amp;t=m\" data-map=\"JTdCJTIycG9zaXRpb25UeXBlJTIyJTNBJTIybWFwLWFkZHJlc3MlMjIlMkMlMjJhZGRyZXNzJTIyJTNBJTIyZmxpcGV0JTIwdHJvZmFyZWxsbyUyMiUyQyUyMnpvb20lMjIlM0FudWxsJTJDJTIydHlwZUlkJTIyJTNBJTIycm9hZCUyMiUyQyUyMmxhbmclMjIlM0FudWxsJTJDJTIyYXBpS2V5JTIyJTNBbnVsbCUyQyUyMm1hcmtlcnMlMjIlM0ElNUIlNUQlN0Q=\"><\/iframe>\n        <\/div>\n      <\/div>\n    <\/section>\n    <section class=\"u-clearfix u-grey-light-2 u-typography-custom-page-typography-12--Map u-valign-middle u-section-16\" id=\"sec-3b92\">\n      <div class=\"u-absolute-hcenter u-expanded u-grey-light-2 u-map u-map-1\">\n        <div class=\"embed-responsive\">\n          <iframe class=\"embed-responsive-item\" src=\"\/\/maps.google.com\/maps?output=embed&amp;q=flipet%20trofarello&amp;t=m\" data-map=\"JTdCJTIycG9zaXRpb25UeXBlJTIyJTNBJTIybWFwLWFkZHJlc3MlMjIlMkMlMjJhZGRyZXNzJTIyJTNBJTIyZmxpcGV0JTIwdHJvZmFyZWxsbyUyMiUyQyUyMnpvb20lMjIlM0FudWxsJTJDJTIydHlwZUlkJTIyJTNBJTIycm9hZCUyMiUyQyUyMmxhbmclMjIlM0FudWxsJTJDJTIyYXBpS2V5JTIyJTNBbnVsbCUyQyUyMm1hcmtlcnMlMjIlM0ElNUIlNUQlN0Q=\"><\/iframe>\n        <\/div>\n      <\/div>\n    <\/section>\n    \n    \n  \n<\/div>","protected":false},"excerpt":{"rendered":"<p>storia IL NOSTRO GELATO Selezioniamo le migliori materie prime presenti sul mercato per creare un gelato di altissima qualit\u00e0 capace di stupire il palato dei pi\u00f9 golosi. Trasformiamo latte, panna e mascarpone secondo l\u2019antica tradizione dei maestri gelatieri. Proponiamo sorbetti con frutta fresca di stagione. le nostre torte i semifreddi Con la stessa attenzione che &hellip; <\/p>\n<p class=\"link-more\"><a href=\"https:\/\/flipet.it\/\" class=\"more-link\">Leggi tutto<span class=\"screen-reader-text\"> &#8220;Home&#8221;<\/span><\/a><\/p>\n","protected":false},"author":1,"featured_media":0,"parent":0,"menu_order":0,"comment_status":"closed","ping_status":"closed","template":"","meta":{"footnotes":""},"class_list":["post-112","page","type-page","status-publish","hentry"],"_links":{"self":[{"href":"https:\/\/flipet.it\/index.php\/wp-json\/wp\/v2\/pages\/112","targetHints":{"allow":["GET"]}}],"collection":[{"href":"https:\/\/flipet.it\/index.php\/wp-json\/wp\/v2\/pages"}],"about":[{"href":"https:\/\/flipet.it\/index.php\/wp-json\/wp\/v2\/types\/page"}],"author":[{"embeddable":true,"href":"https:\/\/flipet.it\/index.php\/wp-json\/wp\/v2\/users\/1"}],"replies":[{"embeddable":true,"href":"https:\/\/flipet.it\/index.php\/wp-json\/wp\/v2\/comments?post=112"}],"version-history":[{"count":36,"href":"https:\/\/flipet.it\/index.php\/wp-json\/wp\/v2\/pages\/112\/revisions"}],"predecessor-version":[{"id":219,"href":"https:\/\/flipet.it\/index.php\/wp-json\/wp\/v2\/pages\/112\/revisions\/219"}],"wp:attachment":[{"href":"https:\/\/flipet.it\/index.php\/wp-json\/wp\/v2\/media?parent=112"}],"curies":[{"name":"wp","href":"https:\/\/api.w.org\/{rel}","templated":true}]}}